{"id":63,"date":"2015-04-14T21:54:40","date_gmt":"2015-04-14T19:54:40","guid":{"rendered":"http:\/\/www.bandatricesimo.it\/wordpress\/?page_id=63"},"modified":"2024-11-06T14:16:31","modified_gmt":"2024-11-06T13:16:31","slug":"chi-siamo","status":"publish","type":"page","link":"https:\/\/www.bandatricesimo.it\/wordpress\/?page_id=63","title":{"rendered":"CHI SIAMO"},"content":{"rendered":"<h2>LA\u00a0STORIA<\/h2>\n<p>L\u2019esistenza della Banda Cittadina di Tricesimo \u00e8 attestata con certezza a partire dal 1833, quando era una banda militare diretta da un sergente austriaco. Questa data la colloca\u00a0seconda per anzianit\u00e0 nella nostra regione. Dal 1900 al 1915 la banda pass\u00f2 alle dirette dipendenze della Societ\u00e0 Operaia e sotto la direzione del maestro Pignoni. Nell\u2019immediato dopoguerra\u201a nel 1919\u201a il maestro Angelo Bertoli ricostru\u00ec la banda ed i suo repertorio con proprie composizioni ed arrangiamenti. Dal 1965 al 1976 la direzione della banda \u00e8 stata assunta dal maestro Ulisse Ottorogo. L\u2019incarico \u00e8 poi passato\u201a dal 1977\u201a al maestro Marco Maiero che ha adottato nuovi strumenti (batteria\u201a chitarra\u201a basso elettrico) e si \u00e8 occupato personalmente del conseguente rinnovamento ed ampliamento del repertorio. Lo stesso si deve dire del maestro Fabio Canciani che\u201a per tredici anni\u201a ha diretto il complesso fino alla fine del 1996\u201a di Aldo Martinuzzi (fino al 2008), Andrea Comoretto (2014) , Dario Braidottie dell&#8217;attuale maestro Nicola Zampis. Gli arrangiamenti proposti trovano sempre crescente favore tra il pubblico\u201a come dimostrano i numerosi concerti in regione\u201a in Veneto\u201a Austria\u201a Croazia e Repubblica Ceca. La Banda Cittadina ha inoltre inciso una cassetta con i propri arrangiamenti di musica leggera\u201a una raccolta dei brani del maestro Bertoli ed un cd con gli arrangiamenti di Marco Maiero\u201a Fabio Canciani e Aldo Martinuzzi.<\/p>\n<p><img loading=\"lazy\" decoding=\"async\" class=\"alignnone wp-image-553 size-full\" src=\"http:\/\/www.bandatricesimo.it\/wordpress\/wp-content\/uploads\/2015\/04\/foto-storica.png\" alt=\"foto-storica\" width=\"227\" height=\"166\" \/><\/p>\n<h2>L\u2019ASSOCIAZIONE \u201cBANDA CITTADINA TRICESIMO\u201d<\/h2>\n<p>L\u2019associazione (no profit) \u201cBanda Cittadina Tricesimo\u201d ha sede a Tricesimo\u201a una cittadina inserita nella fascia morenica del Friuli Venezia Giulia\u201a a circa 10 km a nord di Udine. Svolge la sua attivit\u00e0 principalmente nell\u2019ambito del comune di Tricesimo e di quelli della provincia\u201a in occasione di manifestazioni civili e religiose\u201a feste di piazza\u201a concerti\u201a raduni bandistici\u201a ecc. La Banda ha potuto esprimersi in molte occasioni anche in altre regioni e all\u2019estero (Veneto\u201a Trentino\u201a Emilia Romagna\u201a Toscana\u201a Austria\u201a Croazia\u201a Rep. Ceca\u201a ecc.) grazie alla sua versatilit\u00e0 in termini di repertorio e coreografie. A seconda del tipo di manifestazione a cui partecipiamo\u201a pu\u00f2 presentarsi in divisa ufficiale\u201a concertistica\u201a natalizia\u201a informale o in maschera (navigando in queste pagine potete vederci nelle varie formazioni).<\/p>\n<p>Nella sua versatilit\u00e0\u201a la nostra associazione intende mantenere vivo il repertorio tradizionale bandisticoe folkloristico locale\u201a oltre a proporre brani di musica leggera\u201a jazz\u201a funky\u201a colonne sonore\u201a revival\u201a latino americano\u201a ecc. La particolarit\u00e0 del nostro repertorio \u00e8 che la maggior parte dei brani \u00e8 stata scritta o arrangiata dai maestri che si sono succeduti alla direzione del gruppo. In particolare va ricordato il maestro Angelo Bertoli che\u201a durante la sua direzione dal 1919 al 1965\u201a rinnov\u00f2 il repertorio arrangiando i brani della tradizione popolare friulana\u201a realizzando una raccolta di propriet\u00e0 esclusiva della Banda Cittadina di Tricesimo.<\/p>\n<p>Questa tradizione \u00e8 stata mantenuta dai suoi successori che\u201a mantenendosi al passo coi tempi\u201a hanno introdotto strumenti non propriamente bandistici (batteria\u201a chitarra e basso elettrici\u201a tastiere): in questo esperimento siamo stati tra i primi nella zona. Il maestro che per primo ha voluto \u201crischiare\u201d in questa direzione \u00e8 stato Marco Maiero nel 1977\u201a seguito poi da Fabio Canciani\u201a Aldo Martinuzzi, Andrea Comoretto, Dario Braidotti, Nicola Zampis, Alessio Domini e dell&#8217;attuale maestro Gabriele Bressan.<\/p>\n<p>Le novit\u00e0 scritte durante l\u2019anno vengono presentate nel pi\u00f9 importante concerto che la Banda esegue a Tricesimo: la serata di S. Cecilia, l\u2019ultimo sabato del mese di novembre. Durante questa serata viene ospitato un altro gruppo con il quale si impostano scambi musicali e culturali. L\u2019attuale organico conta circa trentacinque elementi prevalentemente giovani che danno alle loro esecuzioni il brio della loro et\u00e0 e lo stile della loro cultura.<\/p>\n<p><a href=\"http:\/\/www.bandatricesimo.it\/wordpress\/wp-content\/uploads\/2015\/04\/foto-storica2.png\"><img loading=\"lazy\" decoding=\"async\" class=\"alignright size-full wp-image-554\" src=\"http:\/\/www.bandatricesimo.it\/wordpress\/wp-content\/uploads\/2015\/04\/foto-storica2.png\" alt=\"foto-storica2\" width=\"227\" height=\"151\" \/><\/a><a href=\"http:\/\/www.bandatricesimo.it\/wordpress\/wp-content\/uploads\/2015\/04\/foto-carnevale.png\"><img loading=\"lazy\" decoding=\"async\" class=\"size-medium wp-image-555 alignleft\" src=\"http:\/\/www.bandatricesimo.it\/wordpress\/wp-content\/uploads\/2015\/04\/foto-carnevale.png\" alt=\"foto-carnevale\" width=\"227\" height=\"140\" \/><\/a><\/p>\n","protected":false},"excerpt":{"rendered":"<p>LA\u00a0STORIA L\u2019esistenza della Banda Cittadina di Tricesimo \u00e8 attestata con certezza a partire dal 1833, quando era una banda militare diretta da un sergente austriaco. Questa data la colloca\u00a0seconda per anzianit\u00e0 nella nostra regione. Dal 1900 al 1915 la banda pass\u00f2 alle dirette dipendenze della Societ\u00e0 Operaia e sotto la direzione del maestro Pignoni. Nell\u2019immediato<\/p>\n<p class=\"more-link\"><a href=\"https:\/\/www.bandatricesimo.it\/wordpress\/?page_id=63\" class=\"themebutton2\">READ MORE<\/a><\/p>\n","protected":false},"author":1,"featured_media":0,"parent":0,"menu_order":0,"comment_status":"closed","ping_status":"closed","template":"","meta":{"footnotes":""},"class_list":["post-63","page","type-page","status-publish","hentry"],"_links":{"self":[{"href":"https:\/\/www.bandatricesimo.it\/wordpress\/index.php?rest_route=\/wp\/v2\/pages\/63","targetHints":{"allow":["GET"]}}],"collection":[{"href":"https:\/\/www.bandatricesimo.it\/wordpress\/index.php?rest_route=\/wp\/v2\/pages"}],"about":[{"href":"https:\/\/www.bandatricesimo.it\/wordpress\/index.php?rest_route=\/wp\/v2\/types\/page"}],"author":[{"embeddable":true,"href":"https:\/\/www.bandatricesimo.it\/wordpress\/index.php?rest_route=\/wp\/v2\/users\/1"}],"replies":[{"embeddable":true,"href":"https:\/\/www.bandatricesimo.it\/wordpress\/index.php?rest_route=%2Fwp%2Fv2%2Fcomments&post=63"}],"version-history":[{"count":47,"href":"https:\/\/www.bandatricesimo.it\/wordpress\/index.php?rest_route=\/wp\/v2\/pages\/63\/revisions"}],"predecessor-version":[{"id":1482,"href":"https:\/\/www.bandatricesimo.it\/wordpress\/index.php?rest_route=\/wp\/v2\/pages\/63\/revisions\/1482"}],"wp:attachment":[{"href":"https:\/\/www.bandatricesimo.it\/wordpress\/index.php?rest_route=%2Fwp%2Fv2%2Fmedia&parent=63"}],"curies":[{"name":"wp","href":"https:\/\/api.w.org\/{rel}","templated":true}]}}